{"id":2273,"date":"2025-10-05T20:24:11","date_gmt":"2025-10-05T18:24:11","guid":{"rendered":"https:\/\/fusionaize.com\/datenschutzerklaerung\/"},"modified":"2025-12-04T21:08:53","modified_gmt":"2025-12-04T19:08:53","slug":"datenschutzerklaerung","status":"publish","type":"page","link":"https:\/\/fusionaize.com\/de\/datenschutzerklaerung\/","title":{"rendered":"Datenschutzerkl\u00e4rung"},"content":{"rendered":"\t\t<div data-elementor-type=\"wp-page\" data-elementor-id=\"2273\" class=\"elementor elementor-2273 elementor-3\" data-elementor-post-type=\"page\">\n\t\t\t\t<div class=\"elementor-element elementor-element-6a096f26 e-flex e-con-boxed e-con e-parent\" data-id=\"6a096f26\" data-element_type=\"container\" data-e-type=\"container\" data-settings=\"{&quot;jet_parallax_layout_list&quot;:[],&quot;background_background&quot;:&quot;classic&quot;}\">\n\t\t\t\t\t<div class=\"e-con-inner\">\n\t\t\t\t<div class=\"elementor-element elementor-element-b54ad81 elementor-widget elementor-widget-heading\" data-id=\"b54ad81\" data-element_type=\"widget\" data-e-type=\"widget\" data-widget_type=\"heading.default\">\n\t\t\t\t\t<h1 class=\"elementor-heading-title elementor-size-default\">Datenschutzerkl\u00e4rung<\/h1>\t\t\t\t<\/div>\n\t\t\t\t<div class=\"elementor-element elementor-element-2fc249d elementor-widget elementor-widget-text-editor\" data-id=\"2fc249d\" data-element_type=\"widget\" data-e-type=\"widget\" data-widget_type=\"text-editor.default\">\n\t\t\t\t\t\t\t\t\tYour privacy is important to us. This Privacy Policy explains what personal data we process, for which purposes we use it, and what rights you have regarding your data. \t\t\t\t\t\t\t\t<\/div>\n\t\t<div class=\"elementor-element elementor-element-14cbc43e e-flex e-con-boxed e-con e-child\" data-id=\"14cbc43e\" data-element_type=\"container\" data-e-type=\"container\" data-settings=\"{&quot;background_background&quot;:&quot;classic&quot;,&quot;jet_parallax_layout_list&quot;:[]}\">\n\t\t\t\t\t<div class=\"e-con-inner\">\n\t\t\t\t<div class=\"elementor-element elementor-element-17a0e7b3 elementor-widget elementor-widget-text-editor\" data-id=\"17a0e7b3\" data-element_type=\"widget\" data-e-type=\"widget\" data-widget_type=\"text-editor.default\">\n\t\t\t\t\t\t\t\t\t<h3>1. Verantwortlicher<\/h3><p>Verantwortlicher f\u00fcr die Datenverarbeitung auf dieser Website im Sinne der Datenschutz-Grundverordnung (DSGVO) ist:<\/p><p>Lange Consulting &amp; Ventures <br>Einzelunternehmen <br>vertreten durch: Thi Thuy Dung Lange<\/p><p>Anschrift: <br>Heidelberger Str. 80 <br>12435 Berlin <br>Deutschland <\/p><p>Kontakt:<br>E-Mail: hello@fusionaize.com <br>Webseite: https:\/\/fusionaize.com<\/p><p>Sofern Sie Fragen zum Datenschutz haben, k\u00f6nnen Sie sich jederzeit an die oben genannten Kontaktdaten wenden.<\/p><h3>2. Allgemeine Hinweise zur Datenverarbeitung<\/h3><p>Wir nehmen den Schutz Ihrer pers\u00f6nlichen Daten sehr ernst. Personenbezogene Daten sind alle Informationen, die sich auf eine identifizierte oder identifizierbare nat\u00fcrliche Person beziehen (z.B. Name, Adresse, E-Mail-Adresse, IP-Adresse). <\/p><p>Wir verarbeiten personenbezogene Daten nur, soweit dies zur Bereitstellung einer funktionsf\u00e4higen Website sowie unserer Inhalte und Leistungen erforderlich ist, Sie hierin eingewilligt haben oder eine sonstige gesetzliche Grundlage besteht.<\/p><p>Die Nutzung dieser Website ist in der Regel ohne Angabe personenbezogener Daten m\u00f6glich. Soweit auf unseren Seiten personenbezogene Daten erhoben werden, erfolgt dies \u2013 soweit m\u00f6glich \u2013 stets auf freiwilliger Basis. <\/p><h3>3. Hosting und Zugriffsdaten (Server-Logfiles)<\/h3><p>Diese Website wird bei einem externen Dienstleister (Hosting-Provider) betrieben:<\/p><p>Hostinger International Limited <br>61 Lordou Vironos Street, Lumiel Building, 4th floor <br>6023 Larnaca <br>Zypern<\/p><p>Beim Aufruf unserer Website erfasst der Server automatisiert Informationen, die Ihr Browser \u00fcbermittelt. Dies sind insbesondere: <\/p><ul><li>IP-Adresse des anfragenden Ger\u00e4tes<\/li><li>Datum und Uhrzeit des Zugriffs<\/li><li>Name und URL der abgerufenen Datei<\/li><li>Website, von der aus der Zugriff erfolgt (Referrer-URL)<\/li><li>Verwendeter Browser und ggf. Betriebssystem<\/li><li>Name des Access-Providers<\/li><\/ul><p>Diese Daten werden in Server-Logfiles gespeichert und in der Regel nach kurzer Zeit wieder gel\u00f6scht. Die Speicherung erfolgt aus Sicherheitsgr\u00fcnden (z.B. zur Aufkl\u00e4rung von Missbrauchs- oder Betrugshandlungen). Eine Zusammenf\u00fchrung dieser Daten mit anderen Datenquellen findet nicht statt. <\/p><p>Rechtsgrundlage f\u00fcr diese Datenverarbeitung ist Art. 6 Abs. 1 lit. f DSGVO (berechtigtes Interesse an der sicheren und stabilen Bereitstellung der Website).<\/p><h3>4. Kontaktaufnahme (E-Mail, Kontaktformular)<\/h3><p>Wenn Sie uns per E-Mail oder \u00fcber ein Kontaktformular kontaktieren, werden die von Ihnen eingegebenen Angaben inklusive der von Ihnen angegebenen Kontaktdaten zur Bearbeitung der Anfrage und f\u00fcr den Fall von Anschlussfragen bei uns gespeichert.<\/p><p>Verarbeitete Daten k\u00f6nnen insbesondere sein:<\/p><ul><li>Name<\/li><li>E-Mail-Adresse<\/li><li>Betreff und Inhalt Ihrer Nachricht<\/li><li>ggf. Telefonnummer<\/li><li>ggf. weitere freiwillige Angaben<\/li><\/ul><p>Rechtsgrundlage der Verarbeitung ist Art. 6 Abs. 1 lit. b DSGVO (Vertragserf\u00fcllung oder Durchf\u00fchrung vorvertraglicher Ma\u00dfnahmen), sofern Ihre Anfrage mit der Erf\u00fcllung eines Vertrages zusammenh\u00e4ngt, oder Art. 6 Abs. 1 lit. f DSGVO (berechtigtes Interesse an der Bearbeitung Ihrer Anfrage). Sofern Sie ausdr\u00fccklich einwilligen, erfolgt die Verarbeitung auf Grundlage von Art. 6 Abs. 1 lit. a DSGVO.  <\/p><p>Die Daten werden gel\u00f6scht, sobald sie f\u00fcr die Erreichung des Zwecks ihrer Erhebung nicht mehr erforderlich sind und keine gesetzlichen Aufbewahrungspflichten entgegenstehen.<\/p><h3>5. Cookies und Einwilligungs-Management<\/h3><p>Unsere Website verwendet Cookies. Cookies sind kleine Textdateien, die auf Ihrem Endger\u00e4t gespeichert werden und die Ihr Browser speichert. Cookies richten auf Ihrem Endger\u00e4t keinen Schaden an.  <\/p><p>Wir setzen folgende Arten von Cookies ein:<\/p><ul><li>technisch notwendige Cookies (z.B. f\u00fcr Sicherheit, grundlegende Funktionen)<\/li><li>mit Einwilligung: Statistik- \/ Analyse-Cookies (z.B. f\u00fcr Google Analytics)<\/li><li>mit Einwilligung: ggf. Marketing- oder Komfort-Cookies<\/li><\/ul><p>Technisch notwendige Cookies sind zur Bereitstellung bestimmter Funktionen der Website erforderlich und werden auf Grundlage von Art. 6 Abs. 1 lit. f DSGVO sowie \u00a7 25 Abs. 2 TTDSG eingesetzt.<\/p><p>Nicht notwendige Cookies (z.B. f\u00fcr Statistik und Marketing) setzen wir nur ein, wenn Sie hierin eingewilligt haben. Die Einwilligung erfolgt \u00fcber ein Cookie- \/ Consent-Management-Tool. <\/p><p>Consent tool: <br>Wir nutzen f\u00fcr den Cookie- und Datenschutzhinweis das WordPress-Plugin \u201eOrbit Fox\u201c (Modul u.a. \u201eCookie Notice\u201c \/ \u201ePrivacy Policy Notice\u201c) des Anbieters ThemeIsle (Themeisle SRL, Strada Povernei 20, Sector 1, 010641 Bukarest, Rum\u00e4nien). \u00dcber dieses Plugin wird Ihnen beim ersten Besuch unserer Website ein Hinweis-Banner angezeigt, \u00fcber das Sie Ihre Einwilligung in die Verwendung nicht notwendiger Cookies erteilen oder ablehnen k\u00f6nnen. <\/p><p>Sie k\u00f6nnen Ihre Einwilligung jederzeit \u00fcber die Einstellungen im Cookie- \/ Consent-Banner (Orbit-Fox-Hinweis) mit Wirkung f\u00fcr die Zukunft \u00e4ndern oder widerrufen. Alternativ k\u00f6nnen Sie Cookies \u00fcber die Einstellungen Ihres Browsers l\u00f6schen oder blockieren. <\/p><h3>6. Google Tag Manager<\/h3><p>Wir verwenden auf unserer Website den Google Tag Manager. Dienstanbieter ist: <\/p><p>Google Ireland Limited <br>Gordon House, Barrow Street <br>Dublin 4, D04 E5W5 <br>Irland<\/p><p>Der Google Tag Manager dient zur Verwaltung von Website-Tags \u00fcber eine Oberfl\u00e4che. Das Tool selbst (welches die Tags implementiert) verarbeitet nach Angaben von Google keine personenbezogenen Daten der Nutzer. Es kann jedoch f\u00fcr die Ausl\u00f6sung anderer Tags sorgen, die ihrerseits ggf. Daten erfassen (z.B. Google Analytics). Auf diese Datenverarbeitung wird in den jeweiligen Abschnitten gesondert hingewiesen.   <\/p><p>Rechtsgrundlage f\u00fcr die Nutzung des Google Tag Managers ist Art. 6 Abs. 1 lit. f DSGVO (berechtigtes Interesse an einer effizienten Verwaltung von Tracking- und Analyse-Tools) in Verbindung mit Ihrer Einwilligung in die jeweils ausgel\u00f6sten Tools (z.B. Google Analytics) nach Art. 6 Abs. 1 lit. a DSGVO und \u00a7 25 Abs. 1 TTDSG.<\/p><h3>7. Google Analytics<\/h3><p>Wir nutzen auf dieser Website Google Analytics zur Analyse des Nutzungsverhaltens, sofern Sie dem \u00fcber das Cookie- \/ Consent-Tool zugestimmt haben.<\/p><p>Dienstanbieter: <br>Google Ireland Limited <br>Gordon House, Barrow Street <br>Dublin 4, D04 E5W5 <br>Irland<\/p><p>oogle Analytics verwendet Cookies, die eine Analyse der Benutzung unserer Website erm\u00f6glichen. Die durch das Cookie erzeugten Informationen \u00fcber Ihre Benutzung dieser Website werden in der Regel an einen Server von Google \u00fcbertragen und dort gespeichert. Wir nutzen Google Analytics grunds\u00e4tzlich mit IP-Anonymisierung, so dass Ihre IP-Adresse innerhalb der EU \/ des EWR gek\u00fcrzt wird, bevor sie an Google weitergeleitet wird.  <\/p><p>Verarbeitete Daten k\u00f6nnen u.a. sein:<\/p><ul><li>IP-Adresse (in gek\u00fcrzter Form)<\/li><li>aufgerufene Seiten<\/li><li>Nutzungsverhalten (Aufenthaltsdauer, Klicks, Scroll-Verhalten)<\/li><li>Herkunft (Referrer-URL)<\/li><li>ungef\u00e4hrer Standort (auf Basis der IP)<\/li><li>technische Informationen (Browsertyp, Betriebssystem, Ger\u00e4tetyp)<\/li><\/ul><p>Rechtsgrundlage f\u00fcr die Nutzung von Google Analytics ist Ihre Einwilligung gem. Art. 6 Abs. 1 lit. a DSGVO in Verbindung mit \u00a7 25 Abs. 1 TTDSG. Sie k\u00f6nnen Ihre Einwilligung jederzeit mit Wirkung f\u00fcr die Zukunft \u00fcber das Cookie- \/ Consent-Tool widerrufen. <\/p><p>Weitere Informationen zur Datenverarbeitung durch Google finden Sie in der Datenschutzerkl\u00e4rung von Google unter: <br>https:\/\/policies.google.com\/privacy<\/p><h3>8. Social-Media- und Sharing-Buttons (X, Facebook, WhatsApp, LinkedIn, Reddit)<\/h3><p>Auf unserer Website k\u00f6nnen Schaltfl\u00e4chen (\u201eSharing-Buttons\u201c) zum Teilen von Inhalten in sozialen Netzwerken und Diensten eingesetzt werden. Geplant bzw. eingesetzt sind insbesondere: <\/p><ul><li>X (ehemals Twitter) \u2013 Anbieter: X Corp., 1355 Market Street, Suite 900, San Francisco, CA 94103, USA<\/li><li>Facebook \u2013 Anbieter: Meta Platforms Ireland Limited, Merrion Road, Dublin 4, D04 X2K5, Irland<\/li><li>WhatsApp \u2013 Anbieter: WhatsApp Ireland Limited, Merrion Road, Dublin 4, D04 X2K5, Irland<\/li><li>LinkedIn \u2013 Anbieter: LinkedIn Ireland Unlimited Company, Wilton Place, Dublin 2, Irland<\/li><li>Reddit \u2013 Anbieter: Reddit, Inc., 303 2nd Street, South Tower, 5th Floor, San Francisco, CA 94107, USA<\/li><\/ul><p>Die Buttons auf unserer Website sind in der Regel als einfache Links bzw. \u201eSharer-Links\u201c ausgestaltet. Das bedeutet: Es wird nicht automatisch eine Verbindung zu den Servern der jeweiligen Anbieter hergestellt, solange Sie die Buttons nicht aktiv anklicken. Erst wenn Sie auf den jeweiligen Button klicken, \u00f6ffnen Sie die entsprechende Seite des Anbieters (z.B. in einem neuen Tab \/ Fenster), und der Anbieter erh\u00e4lt Informationen dar\u00fcber, dass Sie unsere Website aufgerufen haben.  <\/p><p>Dabei k\u00f6nnen personenbezogene Daten (z.B. IP-Adresse, Cookie-Daten, Browserinformationen, ggf. eingeloggtes Nutzerkonto) von den jeweiligen Anbietern verarbeitet werden. Auf Umfang und Zweck der Datenverarbeitung durch die Anbieter haben wir keinen Einfluss. <\/p><p>Rechtsgrundlage f\u00fcr die Anzeige und Nutzung dieser Sharing-Buttons ist Art. 6 Abs. 1 lit. f DSGVO (berechtigtes Interesse an der nutzerfreundlichen Verbreitung unserer Inhalte) sowie \u2013 sofern hierbei Tracking-Cookies eingesetzt werden \u2013 Ihre Einwilligung nach Art. 6 Abs. 1 lit. a DSGVO in Verbindung mit \u00a7 25 Abs. 1 TTDSG \u00fcber das Cookie- \/ Consent-Tool.<\/p><p>Weitere Informationen erhalten Sie in den Datenschutzhinweisen der jeweiligen Anbieter:<\/p><ul><li>X \/ Twitter: https:\/\/twitter.com\/privacy<\/li><li>Facebook: https:\/\/www.facebook.com\/privacy\/policy<\/li><li>WhatsApp: https:\/\/www.whatsapp.com\/legal\/privacy-policy-eea<\/li><li>LinkedIn: https:\/\/www.linkedin.com\/legal\/privacy-policy<\/li><li>Reddit: https:\/\/www.redditinc.com\/policies\/privacy-policy<\/li><\/ul><h3>9. Daten\u00fcbermittlung an Dritte und in Drittl\u00e4nder<\/h3><p>Wir geben personenbezogene Daten grunds\u00e4tzlich nur weiter, wenn:<\/p><ul><li>Sie nach Art. 6 Abs. 1 lit. a DSGVO eingewilligt haben,<\/li><li>dies nach Art. 6 Abs. 1 lit. b DSGVO zur Vertragsabwicklung erforderlich ist,<\/li><li>eine gesetzliche Verpflichtung nach Art. 6 Abs. 1 lit. c DSGVO besteht oder<\/li><li>die Weitergabe nach Art. 6 Abs. 1 lit. f DSGVO zur Wahrung berechtigter Interessen erforderlich ist und kein \u00fcberwiegendes schutzw\u00fcrdiges Interesse Ihrerseits besteht.<\/li><\/ul><p>Eine \u00dcbermittlung in sogenannte Drittl\u00e4nder (au\u00dferhalb der EU \/ des EWR), z.B. an Dienstleister von Google, X oder Reddit, kann erfolgen. In diesem Fall stellen wir sicher, dass ein angemessenes Datenschutzniveau besteht (z.B. durch Angemessenheitsbeschluss der EU-Kommission oder EU-Standardvertragsklauseln). <\/p><h3>10. Rechte der betroffenen Personen<\/h3><p>Sie haben im Rahmen der geltenden gesetzlichen Bestimmungen folgende Rechte:<\/p><ul><li>Recht auf Auskunft (Art. 15 DSGVO)<\/li><li>Recht auf Berichtigung (Art. 16 DSGVO)<\/li><li>Recht auf L\u00f6schung (\u201eRecht auf Vergessenwerden\u201c, Art. 17 DSGVO)<\/li><li>Recht auf Einschr\u00e4nkung der Verarbeitung (Art. 18 DSGVO)<\/li><li>Recht auf Daten\u00fcbertragbarkeit (Art. 20 DSGVO)<\/li><li>Recht auf Widerspruch (Art. 21 DSGVO)<\/li><li>Recht auf Widerruf erteilter Einwilligungen (Art. 7 Abs. 3 DSGVO) <\/li><li>Recht auf Beschwerde bei einer Aufsichtsbeh\u00f6rde (Art. 77 DSGVO)<\/li><\/ul><p>Zur Aus\u00fcbung dieser Rechte k\u00f6nnen Sie sich jederzeit an die oben genannten Kontaktdaten wenden.<\/p><h3>11. Zust\u00e4ndige Aufsichtsbeh\u00f6rde<\/h3><p>Zust\u00e4ndige Datenschutzaufsichtsbeh\u00f6rde f\u00fcr den Sitz unseres Unternehmens in Berlin ist:<\/p><p>Berliner Beauftragte f\u00fcr Datenschutz und Informationsfreiheit <br>Alt-Moabit 59\u201361 <br>10555 Berlin <br>Deutschland <br>Webseite: https:\/\/www.datenschutz-berlin.de<\/p><h3>12. Rechtsgrundlagen der Verarbeitung<\/h3><p>Sofern in dieser Datenschutzerkl\u00e4rung nicht ausdr\u00fccklich eine spezielle Rechtsgrundlage genannt ist, st\u00fctzt sich die Verarbeitung personenbezogener Daten auf:<\/p><ul><li>Art. 6 Abs. 1 lit. a DSGVO: Einwilligung<\/li><li>Art. 6 Abs. 1 lit. b DSGVO: Vertragserf\u00fcllung und vorvertragliche Ma\u00dfnahmen<\/li><li>Art. 6 Abs. 1 lit. c DSGVO: Rechtliche Verpflichtung<\/li><li>Art. 6 Abs. 1 lit. f DSGVO: Berechtigtes Interesse<\/li><\/ul><h3>13. Speicherdauer<\/h3><p>Soweit innerhalb dieser Datenschutzerkl\u00e4rung keine spezifische Speicherdauer genannt wurde, speichern wir personenbezogene Daten nur so lange, wie es f\u00fcr die jeweiligen Zwecke erforderlich ist.<\/p><p>Danach werden die Daten gel\u00f6scht, sofern keine gesetzlichen Aufbewahrungspflichten (z.B. handels- oder steuerrechtliche Aufbewahrungsfristen) entgegenstehen.<\/p><h3>14. Datensicherheit \/ SSL-Verschl\u00fcsselung<\/h3><p>Wir verwenden geeignete technische und organisatorische Sicherheitsma\u00dfnahmen, um Ihre Daten vor Manipulation, Verlust, Zerst\u00f6rung oder unbefugtem Zugriff zu sch\u00fctzen.<\/p><p>Unsere Website nutzt aus Sicherheitsgr\u00fcnden und zum Schutz der \u00dcbertragung vertraulicher Inhalte (z.B. Kontaktanfragen) in der Regel eine SSL- bzw. TLS-Verschl\u00fcsselung. Eine verschl\u00fcsselte Verbindung erkennen Sie an der Adresszeile des Browsers (\u201ehttps:\/\/\u201c) und am Schloss-Symbol. <\/p><h3>15. Aktualit\u00e4t und \u00c4nderung dieser Datenschutzerkl\u00e4rung<\/h3><p>Diese Datenschutzerkl\u00e4rung ist aktuell g\u00fcltig und hat den Stand 17. November 2025.<\/p><p>Durch die Weiterentwicklung unserer Website und Angebote oder aufgrund ge\u00e4nderter gesetzlicher bzw. beh\u00f6rdlicher Vorgaben kann es notwendig werden, diese Datenschutzerkl\u00e4rung anzupassen. Die jeweils aktuelle Fassung ist jederzeit auf dieser Website abrufbar. <\/p>\t\t\t\t\t\t\t\t<\/div>\n\t\t\t\t\t<\/div>\n\t\t\t\t<\/div>\n\t\t\t\t\t<\/div>\n\t\t\t\t<\/div>\n\t\t\t\t<\/div>\n\t\t","protected":false},"excerpt":{"rendered":"<p>Datenschutzerkl\u00e4rung Your privacy is important to us. This Privacy Policy explains what personal data we process, for which purposes we [&hellip;]<\/p>\n","protected":false},"author":1,"featured_media":0,"parent":0,"menu_order":0,"comment_status":"closed","ping_status":"closed","template":"","meta":{"site-sidebar-layout":"no-sidebar","site-content-layout":"","ast-site-content-layout":"full-width-container","site-content-style":"default","site-sidebar-style":"default","ast-global-header-display":"","ast-banner-title-visibility":"","ast-main-header-display":"","ast-hfb-above-header-display":"","ast-hfb-below-header-display":"","ast-hfb-mobile-header-display":"","site-post-title":"disabled","ast-breadcrumbs-content":"","ast-featured-img":"disabled","footer-sml-layout":"","ast-disable-related-posts":"","theme-transparent-header-meta":"","adv-header-id-meta":"","stick-header-meta":"","header-above-stick-meta":"","header-main-stick-meta":"","header-below-stick-meta":"","astra-migrate-meta-layouts":"default","ast-page-background-enabled":"default","ast-page-background-meta":{"desktop":{"background-color":"var(--ast-global-color-5)","background-image":"","background-repeat":"repeat","background-position":"center center","background-size":"auto","background-attachment":"scroll","background-type":"","background-media":"","overlay-type":"","overlay-color":"","overlay-opacity":"","overlay-gradient":""},"tablet":{"background-color":"","background-image":"","background-repeat":"repeat","background-position":"center center","background-size":"auto","background-attachment":"scroll","background-type":"","background-media":"","overlay-type":"","overlay-color":"","overlay-opacity":"","overlay-gradient":""},"mobile":{"background-color":"","background-image":"","background-repeat":"repeat","background-position":"center center","background-size":"auto","background-attachment":"scroll","background-type":"","background-media":"","overlay-type":"","overlay-color":"","overlay-opacity":"","overlay-gradient":""}},"ast-content-background-meta":{"desktop":{"background-color":"var(--ast-global-color-4)","background-image":"","background-repeat":"repeat","background-position":"center center","background-size":"auto","background-attachment":"scroll","background-type":"","background-media":"","overlay-type":"","overlay-color":"","overlay-opacity":"","overlay-gradient":""},"tablet":{"background-color":"var(--ast-global-color-4)","background-image":"","background-repeat":"repeat","background-position":"center center","background-size":"auto","background-attachment":"scroll","background-type":"","background-media":"","overlay-type":"","overlay-color":"","overlay-opacity":"","overlay-gradient":""},"mobile":{"background-color":"var(--ast-global-color-4)","background-image":"","background-repeat":"repeat","background-position":"center center","background-size":"auto","background-attachment":"scroll","background-type":"","background-media":"","overlay-type":"","overlay-color":"","overlay-opacity":"","overlay-gradient":""}},"footnotes":"","_et_pb_custom_css":""},"class_list":["post-2273","page","type-page","status-publish","hentry"],"_et_pb_custom_css":"","_hostinger_reach_plugin_has_subscription_block":false,"_hostinger_reach_plugin_is_elementor":false,"_links":{"self":[{"href":"https:\/\/fusionaize.com\/de\/wp-json\/wp\/v2\/pages\/2273","targetHints":{"allow":["GET"]}}],"collection":[{"href":"https:\/\/fusionaize.com\/de\/wp-json\/wp\/v2\/pages"}],"about":[{"href":"https:\/\/fusionaize.com\/de\/wp-json\/wp\/v2\/types\/page"}],"author":[{"embeddable":true,"href":"https:\/\/fusionaize.com\/de\/wp-json\/wp\/v2\/users\/1"}],"replies":[{"embeddable":true,"href":"https:\/\/fusionaize.com\/de\/wp-json\/wp\/v2\/comments?post=2273"}],"version-history":[{"count":1,"href":"https:\/\/fusionaize.com\/de\/wp-json\/wp\/v2\/pages\/2273\/revisions"}],"predecessor-version":[{"id":2274,"href":"https:\/\/fusionaize.com\/de\/wp-json\/wp\/v2\/pages\/2273\/revisions\/2274"}],"wp:attachment":[{"href":"https:\/\/fusionaize.com\/de\/wp-json\/wp\/v2\/media?parent=2273"}],"curies":[{"name":"wp","href":"https:\/\/api.w.org\/{rel}","templated":true}]}}