{"id":2264,"date":"2025-11-15T02:47:20","date_gmt":"2025-11-15T00:47:20","guid":{"rendered":"https:\/\/fusionaize.com\/discovery-call-buchen-20-minuten-ki-agenten-scoping\/"},"modified":"2025-12-04T21:13:38","modified_gmt":"2025-12-04T19:13:38","slug":"discovery-call-buchen-20-minuten-ki-agenten-scoping","status":"publish","type":"page","link":"https:\/\/fusionaize.com\/de\/discovery-call-buchen-20-minuten-ki-agenten-scoping\/","title":{"rendered":"Discovery-Call buchen \u2013 20 Minuten KI-Agenten-Scoping"},"content":{"rendered":"\t\t<div data-elementor-type=\"wp-page\" data-elementor-id=\"2264\" class=\"elementor elementor-2264 elementor-1674\" data-elementor-post-type=\"page\">\n\t\t\t\t<div class=\"elementor-element elementor-element-ab39ea5 e-flex e-con-boxed e-con e-parent\" data-id=\"ab39ea5\" data-element_type=\"container\" data-e-type=\"container\" data-settings=\"{&quot;jet_parallax_layout_list&quot;:[],&quot;background_background&quot;:&quot;classic&quot;}\">\n\t\t\t\t\t<div class=\"e-con-inner\">\n\t\t\t\t<div class=\"elementor-element elementor-element-c9947dd elementor-widget elementor-widget-heading\" data-id=\"c9947dd\" data-element_type=\"widget\" data-e-type=\"widget\" data-widget_type=\"heading.default\">\n\t\t\t\t\t<h1 class=\"elementor-heading-title elementor-size-default\">Discovery-Call buchen \u2013 <br>20 Minuten<\/h1>\t\t\t\t<\/div>\n\t\t\t\t<div class=\"elementor-element elementor-element-cbad835 elementor-widget elementor-widget-text-editor\" data-id=\"cbad835\" data-element_type=\"widget\" data-e-type=\"widget\" data-widget_type=\"text-editor.default\">\n\t\t\t\t\t\t\t\t\tEin kurzer Scoping-Call, um Ihre Ziele zu verstehen und die richtigen n\u00e4chsten Schritte zu planen.\t\t\t\t\t\t\t\t<\/div>\n\t\t<div class=\"elementor-element elementor-element-3455d26 e-flex e-con-boxed e-con e-child\" data-id=\"3455d26\" data-element_type=\"container\" data-e-type=\"container\" data-settings=\"{&quot;background_background&quot;:&quot;classic&quot;,&quot;jet_parallax_layout_list&quot;:[]}\">\n\t\t\t\t\t<div class=\"e-con-inner\">\n\t\t\t\t<div class=\"elementor-element elementor-element-7f70726 elementor-widget elementor-widget-text-editor\" data-id=\"7f70726\" data-element_type=\"widget\" data-e-type=\"widget\" data-widget_type=\"text-editor.default\">\n\t\t\t\t\t\t\t\t\t<p>Bereit f\u00fcr konkrete Schritte? Teilen Sie ein paar Details und wir schlagen den passenden Einstieg vor \u2013 Virtuelle Mitarbeiter:innen, Integration &amp; Orchestrierung oder Transformation &amp; Bef\u00e4higung. In diesem 20-min\u00fctigen Gespr\u00e4ch kl\u00e4ren wir Ziele, Freigaben und skizzieren einen schnellen Weg zum Mehrwert.  <\/p>\t\t\t\t\t\t\t\t<\/div>\n\t\t\t\t\t<\/div>\n\t\t\t\t<\/div>\n\t\t<div class=\"elementor-element elementor-element-643b9b3 e-con-full e-flex e-con e-child\" data-id=\"643b9b3\" data-element_type=\"container\" data-e-type=\"container\" data-settings=\"{&quot;background_background&quot;:&quot;classic&quot;,&quot;jet_parallax_layout_list&quot;:[]}\">\n\t\t\t\t<div class=\"elementor-element elementor-element-316a565 elementor-button-align-stretch elementor-widget elementor-widget-form\" data-id=\"316a565\" data-element_type=\"widget\" data-e-type=\"widget\" data-settings=\"{&quot;step_next_label&quot;:&quot;Weiter&quot;,&quot;step_previous_label&quot;:&quot;Zur\\u00fcck&quot;,&quot;step_type&quot;:&quot;text&quot;,&quot;button_width&quot;:&quot;100&quot;}\" data-widget_type=\"form.default\">\n\t\t\t\t\t\t\t<form class=\"elementor-form\" method=\"post\" id=\"fusionaize_book_discovery_call\" name=\"Kontakt\" aria-label=\"Kontakt\">\n\t\t\t<input type=\"hidden\" name=\"post_id\" value=\"2264\"\/>\n\t\t\t<input type=\"hidden\" name=\"form_id\" value=\"316a565\"\/>\n\t\t\t<input type=\"hidden\" name=\"referer_title\" value=\"Discovery-Call buchen \u2013 20 Minuten KI-Agenten-Scoping | fusionAIze\" \/>\n\n\t\t\t\t\t\t\t<input type=\"hidden\" name=\"queried_id\" value=\"2264\"\/>\n\t\t\t\n\t\t\t<div class=\"elementor-form-fields-wrapper elementor-labels-above\">\n\t\t\t\t\t\t\t\t<div class=\"elementor-field-type-html elementor-field-group elementor-column elementor-field-group-field_f4af43e elementor-col-100\">\n\t\t\t\t\t<span style=\"font-size: 20px;\"><b>Standard<\/b><\/span><hr style=\"margin: 5px 0; border: 0; border-top: 1px solid #CCE6FA;\">\t\t\t\t<\/div>\n\t\t\t\t\t\t\t\t<div class=\"elementor-field-type-text elementor-field-group elementor-column elementor-field-group-name elementor-col-50 elementor-field-required elementor-mark-required\">\n\t\t\t\t\t\t\t\t\t\t\t\t<label for=\"form-field-name\" class=\"elementor-field-label\">\n\t\t\t\t\t\t\t\tVorname\t\t\t\t\t\t\t<\/label>\n\t\t\t\t\t\t\t\t\t\t\t\t\t\t<input size=\"1\" type=\"text\" name=\"form_fields[name]\" id=\"form-field-name\" class=\"elementor-field elementor-size-sm  elementor-field-textual\" required=\"required\">\n\t\t\t\t\t\t\t\t\t\t\t<\/div>\n\t\t\t\t\t\t\t\t<div class=\"elementor-field-type-text elementor-field-group elementor-column elementor-field-group-field_03cec9a elementor-col-50 elementor-field-required elementor-mark-required\">\n\t\t\t\t\t\t\t\t\t\t\t\t<label for=\"form-field-field_03cec9a\" class=\"elementor-field-label\">\n\t\t\t\t\t\t\t\tNachname\t\t\t\t\t\t\t<\/label>\n\t\t\t\t\t\t\t\t\t\t\t\t\t\t<input size=\"1\" type=\"text\" name=\"form_fields[field_03cec9a]\" id=\"form-field-field_03cec9a\" class=\"elementor-field elementor-size-sm  elementor-field-textual\" required=\"required\">\n\t\t\t\t\t\t\t\t\t\t\t<\/div>\n\t\t\t\t\t\t\t\t<div class=\"elementor-field-type-email elementor-field-group elementor-column elementor-field-group-field_b3dcea9 elementor-col-100 elementor-field-required elementor-mark-required\">\n\t\t\t\t\t\t\t\t\t\t\t\t<label for=\"form-field-field_b3dcea9\" class=\"elementor-field-label\">\n\t\t\t\t\t\t\t\tGesch\u00e4ftliche E-Mail\t\t\t\t\t\t\t<\/label>\n\t\t\t\t\t\t\t\t\t\t\t\t\t\t<input size=\"1\" type=\"email\" name=\"form_fields[field_b3dcea9]\" id=\"form-field-field_b3dcea9\" class=\"elementor-field elementor-size-sm  elementor-field-textual\" required=\"required\">\n\t\t\t\t\t\t\t\t\t\t\t<\/div>\n\t\t\t\t\t\t\t\t<div class=\"elementor-field-type-text elementor-field-group elementor-column elementor-field-group-field_498485f elementor-col-100 elementor-field-required elementor-mark-required\">\n\t\t\t\t\t\t\t\t\t\t\t\t<label for=\"form-field-field_498485f\" class=\"elementor-field-label\">\n\t\t\t\t\t\t\t\tUnternehmen\t\t\t\t\t\t\t<\/label>\n\t\t\t\t\t\t\t\t\t\t\t\t\t\t<input size=\"1\" type=\"text\" name=\"form_fields[field_498485f]\" id=\"form-field-field_498485f\" class=\"elementor-field elementor-size-sm  elementor-field-textual\" required=\"required\">\n\t\t\t\t\t\t\t\t\t\t\t<\/div>\n\t\t\t\t\t\t\t\t<div class=\"elementor-field-type-html elementor-field-group elementor-column elementor-field-group-field_f3068e0 elementor-col-100\">\n\t\t\t\t\t<span style=\"font-size: 20px;\"><b>Kontext<\/b><\/span><hr style=\"margin: 5px 0; border: 0; border-top: 1px solid #CCE6FA;\">\t\t\t\t<\/div>\n\t\t\t\t\t\t\t\t<div class=\"elementor-field-type-select elementor-field-group elementor-column elementor-field-group-field_80dd985 elementor-col-60\">\n\t\t\t\t\t\t\t\t\t\t\t\t<label for=\"form-field-field_80dd985\" class=\"elementor-field-label\">\n\t\t\t\t\t\t\t\tRolle\t\t\t\t\t\t\t<\/label>\n\t\t\t\t\t\t\t\t<div class=\"elementor-field elementor-select-wrapper remove-before \">\n\t\t\t<div class=\"select-caret-down-wrapper\">\n\t\t\t\t<svg aria-hidden=\"true\" class=\"e-font-icon-svg e-eicon-caret-down\" viewBox=\"0 0 571.4 571.4\" xmlns=\"http:\/\/www.w3.org\/2000\/svg\"><path d=\"M571 393Q571 407 561 418L311 668Q300 679 286 679T261 668L11 418Q0 407 0 393T11 368 36 357H536Q550 357 561 368T571 393Z\"><\/path><\/svg>\t\t\t<\/div>\n\t\t\t<select name=\"form_fields[field_80dd985]\" id=\"form-field-field_80dd985\" class=\"elementor-field-textual elementor-size-sm\">\n\t\t\t\t\t\t\t\t\t<option value=\"role_founder_c\">Gr\u00fcnder:in \/ C-Suite<\/option>\n\t\t\t\t\t\t\t\t\t<option value=\"role_operations\">Operations \/ Betrieb<\/option>\n\t\t\t\t\t\t\t\t\t<option value=\"role_marketing\">Marketing<\/option>\n\t\t\t\t\t\t\t\t\t<option value=\"role_support\">Support \/ Service<\/option>\n\t\t\t\t\t\t\t\t\t<option value=\"role_it_data\">IT \/ Data<\/option>\n\t\t\t\t\t\t\t\t\t<option value=\"role_other\">Andere Rolle<\/option>\n\t\t\t\t\t\t\t<\/select>\n\t\t<\/div>\n\t\t\t\t\t\t<\/div>\n\t\t\t\t\t\t\t\t<div class=\"elementor-field-type-select elementor-field-group elementor-column elementor-field-group-field_3cbf8dc elementor-col-60\">\n\t\t\t\t\t\t\t\t\t\t\t\t<label for=\"form-field-field_3cbf8dc\" class=\"elementor-field-label\">\n\t\t\t\t\t\t\t\tTeamgr\u00f6\u00dfe\t\t\t\t\t\t\t<\/label>\n\t\t\t\t\t\t\t\t<div class=\"elementor-field elementor-select-wrapper remove-before \">\n\t\t\t<div class=\"select-caret-down-wrapper\">\n\t\t\t\t<svg aria-hidden=\"true\" class=\"e-font-icon-svg e-eicon-caret-down\" viewBox=\"0 0 571.4 571.4\" xmlns=\"http:\/\/www.w3.org\/2000\/svg\"><path d=\"M571 393Q571 407 561 418L311 668Q300 679 286 679T261 668L11 418Q0 407 0 393T11 368 36 357H536Q550 357 561 368T571 393Z\"><\/path><\/svg>\t\t\t<\/div>\n\t\t\t<select name=\"form_fields[field_3cbf8dc]\" id=\"form-field-field_3cbf8dc\" class=\"elementor-field-textual elementor-size-sm\">\n\t\t\t\t\t\t\t\t\t<option value=\"size_1_10\">1-10<\/option>\n\t\t\t\t\t\t\t\t\t<option value=\"size_11_50\">11-50<\/option>\n\t\t\t\t\t\t\t\t\t<option value=\"size_51_200\">51-200<\/option>\n\t\t\t\t\t\t\t\t\t<option value=\"size_201_1000\">201-1000<\/option>\n\t\t\t\t\t\t\t\t\t<option value=\"size_1000_plus\">1000+<\/option>\n\t\t\t\t\t\t\t<\/select>\n\t\t<\/div>\n\t\t\t\t\t\t<\/div>\n\t\t\t\t\t\t\t\t<div class=\"elementor-field-type-radio elementor-field-group elementor-column elementor-field-group-field_9657e85 elementor-col-100 elementor-field-required elementor-mark-required\">\n\t\t\t\t\t\t\t\t\t\t\t\t<label for=\"form-field-field_9657e85\" class=\"elementor-field-label\">\n\t\t\t\t\t\t\t\tSchwerpunkt\t\t\t\t\t\t\t<\/label>\n\t\t\t\t\t\t<div class=\"elementor-field-subgroup  \"><span class=\"elementor-field-option\"><input type=\"radio\" value=\"interest_virtual_employees\" id=\"form-field-field_9657e85-0\" name=\"form_fields[field_9657e85]\" required=\"required\"> <label for=\"form-field-field_9657e85-0\">Virtuelle Mitarbeiter:innen<\/label><\/span><span class=\"elementor-field-option\"><input type=\"radio\" value=\"interest_integration_orchestration\" id=\"form-field-field_9657e85-1\" name=\"form_fields[field_9657e85]\" required=\"required\"> <label for=\"form-field-field_9657e85-1\">Integration &amp; Orchestrierung<\/label><\/span><span class=\"elementor-field-option\"><input type=\"radio\" value=\"interest_change-enablement\" id=\"form-field-field_9657e85-2\" name=\"form_fields[field_9657e85]\" required=\"required\"> <label for=\"form-field-field_9657e85-2\">Transformation &amp; Bef\u00e4higung<\/label><\/span><\/div>\t\t\t\t<\/div>\n\t\t\t\t\t\t\t\t<div class=\"elementor-field-type-html elementor-field-group elementor-column elementor-field-group-field_5cb9b64 elementor-col-100\">\n\t\t\t\t\t<span style=\"font-size: 20px;\"><b>Ziele &amp; Zeitplan<\/b><\/span><hr style=\"margin: 5px 0; border: 0; border-top: 1px solid #CCE6FA;\">\t\t\t\t<\/div>\n\t\t\t\t\t\t\t\t<div class=\"elementor-field-type-textarea elementor-field-group elementor-column elementor-field-group-message elementor-col-100\">\n\t\t\t\t\t\t\t\t\t\t\t\t<label for=\"form-field-message\" class=\"elementor-field-label\">\n\t\t\t\t\t\t\t\tZiel f\u00fcr die n\u00e4chsten 90 Tage\t\t\t\t\t\t\t<\/label>\n\t\t\t\t\t\t<textarea class=\"elementor-field-textual elementor-field  elementor-size-sm\" name=\"form_fields[message]\" id=\"form-field-message\" rows=\"4\"><\/textarea>\t\t\t\t<\/div>\n\t\t\t\t\t\t\t\t<div class=\"elementor-field-type-select elementor-field-group elementor-column elementor-field-group-field_da1692e elementor-col-60\">\n\t\t\t\t\t\t\t\t\t\t\t\t<label for=\"form-field-field_da1692e\" class=\"elementor-field-label\">\n\t\t\t\t\t\t\t\tBevorzugter Zeitraum\t\t\t\t\t\t\t<\/label>\n\t\t\t\t\t\t\t\t<div class=\"elementor-field elementor-select-wrapper remove-before \">\n\t\t\t<div class=\"select-caret-down-wrapper\">\n\t\t\t\t<svg aria-hidden=\"true\" class=\"e-font-icon-svg e-eicon-caret-down\" viewBox=\"0 0 571.4 571.4\" xmlns=\"http:\/\/www.w3.org\/2000\/svg\"><path d=\"M571 393Q571 407 561 418L311 668Q300 679 286 679T261 668L11 418Q0 407 0 393T11 368 36 357H536Q550 357 561 368T571 393Z\"><\/path><\/svg>\t\t\t<\/div>\n\t\t\t<select name=\"form_fields[field_da1692e]\" id=\"form-field-field_da1692e\" class=\"elementor-field-textual elementor-size-sm\">\n\t\t\t\t\t\t\t\t\t<option value=\"time_window_mornings\">Vormittags<\/option>\n\t\t\t\t\t\t\t\t\t<option value=\"time_window_afternoons\">Nachmittags<\/option>\n\t\t\t\t\t\t\t\t\t<option value=\"time_window_evenings\">Abends<\/option>\n\t\t\t\t\t\t\t<\/select>\n\t\t<\/div>\n\t\t\t\t\t\t<\/div>\n\t\t\t\t\t\t\t\t<div class=\"elementor-field-type-acceptance elementor-field-group elementor-column elementor-field-group-field_cc801a2 elementor-col-100 elementor-field-required elementor-mark-required\">\n\t\t\t\t\t\t\t<div class=\"elementor-field-subgroup\">\n\t\t\t<span class=\"elementor-field-option\">\n\t\t\t\t<input type=\"checkbox\" name=\"form_fields[field_cc801a2]\" id=\"form-field-field_cc801a2\" class=\"elementor-field elementor-size-sm  elementor-acceptance-field\" required=\"required\">\n\t\t\t\t<label for=\"form-field-field_cc801a2\"><span style=\"font-size: 14px;\">Ich bin damit einverstanden, dass fusionAIze mich kontaktiert, und akzeptiere die <a href=\"https:\/\/fusionaize.com\/de\/datenschutzerklaerung\/\" target=\"_blank\" rel=\"noopener\" style=\"font-size: 14px;\">Datenschutzerkl\u00e4rung<\/a>.<\/span><\/label>\t\t\t<\/span>\n\t\t<\/div>\n\t\t\t\t\t\t<\/div>\n\t\t\t\t\t\t\t\t<div class=\"elementor-field-group elementor-column elementor-field-type-submit elementor-col-100 e-form__buttons\">\n\t\t\t\t\t<button class=\"elementor-button elementor-size-sm\" type=\"submit\">\n\t\t\t\t\t\t<span class=\"elementor-button-content-wrapper\">\n\t\t\t\t\t\t\t\t\t\t\t\t\t\t\t\t\t\t\t\t\t\t<span class=\"elementor-button-text\">Call anfragen<\/span>\n\t\t\t\t\t\t\t\t\t\t\t\t\t<\/span>\n\t\t\t\t\t<\/button>\n\t\t\t\t<\/div>\n\t\t\t<\/div>\n\t\t<\/form>\n\t\t\t\t\t\t<\/div>\n\t\t\t\t<div class=\"elementor-element elementor-element-b2b445c elementor-widget elementor-widget-text-editor\" data-id=\"b2b445c\" data-element_type=\"widget\" data-e-type=\"widget\" data-widget_type=\"text-editor.default\">\n\t\t\t\t\t\t\t\t\t<p>Noch nicht bereit f\u00fcr einen Scoping-Call? <a style=\"font-size: 14px;\" title=\"Vertrieb kontaktieren\" href=\"https:\/\/fusionaize.com\/de\/vertrieb-kontaktieren-sprechen-sie-mit-ki-agenten-expertinnen\/\" target=\"_blank\" rel=\"nofollow noopener\">Vertrieb kontaktieren (kurzes Hallo)<\/a><\/p>\t\t\t\t\t\t\t\t<\/div>\n\t\t\t\t<\/div>\n\t\t\t\t\t<\/div>\n\t\t\t\t<\/div>\n\t\t\t\t<\/div>\n\t\t","protected":false},"excerpt":{"rendered":"<p>Discovery-Call buchen \u2013 20 Minuten Ein kurzer Scoping-Call, um Ihre Ziele zu verstehen und die richtigen n\u00e4chsten Schritte zu planen. [&hellip;]<\/p>\n","protected":false},"author":1,"featured_media":0,"parent":0,"menu_order":0,"comment_status":"closed","ping_status":"closed","template":"","meta":{"site-sidebar-layout":"no-sidebar","site-content-layout":"","ast-site-content-layout":"full-width-container","site-content-style":"default","site-sidebar-style":"default","ast-global-header-display":"","ast-banner-title-visibility":"","ast-main-header-display":"","ast-hfb-above-header-display":"","ast-hfb-below-header-display":"","ast-hfb-mobile-header-display":"","site-post-title":"disabled","ast-breadcrumbs-content":"","ast-featured-img":"disabled","footer-sml-layout":"","ast-disable-related-posts":"","theme-transparent-header-meta":"default","adv-header-id-meta":"","stick-header-meta":"","header-above-stick-meta":"","header-main-stick-meta":"","header-below-stick-meta":"","astra-migrate-meta-layouts":"default","ast-page-background-enabled":"default","ast-page-background-meta":{"desktop":{"background-color":"var(--ast-global-color-5)","background-image":"","background-repeat":"repeat","background-position":"center center","background-size":"auto","background-attachment":"scroll","background-type":"","background-media":"","overlay-type":"","overlay-color":"","overlay-opacity":"","overlay-gradient":""},"tablet":{"background-color":"","background-image":"","background-repeat":"repeat","background-position":"center center","background-size":"auto","background-attachment":"scroll","background-type":"","background-media":"","overlay-type":"","overlay-color":"","overlay-opacity":"","overlay-gradient":""},"mobile":{"background-color":"","background-image":"","background-repeat":"repeat","background-position":"center center","background-size":"auto","background-attachment":"scroll","background-type":"","background-media":"","overlay-type":"","overlay-color":"","overlay-opacity":"","overlay-gradient":""}},"ast-content-background-meta":{"desktop":{"background-color":"var(--ast-global-color-4)","background-image":"","background-repeat":"repeat","background-position":"center center","background-size":"auto","background-attachment":"scroll","background-type":"","background-media":"","overlay-type":"","overlay-color":"","overlay-opacity":"","overlay-gradient":""},"tablet":{"background-color":"var(--ast-global-color-4)","background-image":"","background-repeat":"repeat","background-position":"center center","background-size":"auto","background-attachment":"scroll","background-type":"","background-media":"","overlay-type":"","overlay-color":"","overlay-opacity":"","overlay-gradient":""},"mobile":{"background-color":"var(--ast-global-color-4)","background-image":"","background-repeat":"repeat","background-position":"center center","background-size":"auto","background-attachment":"scroll","background-type":"","background-media":"","overlay-type":"","overlay-color":"","overlay-opacity":"","overlay-gradient":""}},"footnotes":"","_et_pb_custom_css":""},"class_list":["post-2264","page","type-page","status-publish","hentry"],"_et_pb_custom_css":"","_hostinger_reach_plugin_has_subscription_block":false,"_hostinger_reach_plugin_is_elementor":false,"_links":{"self":[{"href":"https:\/\/fusionaize.com\/de\/wp-json\/wp\/v2\/pages\/2264","targetHints":{"allow":["GET"]}}],"collection":[{"href":"https:\/\/fusionaize.com\/de\/wp-json\/wp\/v2\/pages"}],"about":[{"href":"https:\/\/fusionaize.com\/de\/wp-json\/wp\/v2\/types\/page"}],"author":[{"embeddable":true,"href":"https:\/\/fusionaize.com\/de\/wp-json\/wp\/v2\/users\/1"}],"replies":[{"embeddable":true,"href":"https:\/\/fusionaize.com\/de\/wp-json\/wp\/v2\/comments?post=2264"}],"version-history":[{"count":5,"href":"https:\/\/fusionaize.com\/de\/wp-json\/wp\/v2\/pages\/2264\/revisions"}],"predecessor-version":[{"id":2276,"href":"https:\/\/fusionaize.com\/de\/wp-json\/wp\/v2\/pages\/2264\/revisions\/2276"}],"wp:attachment":[{"href":"https:\/\/fusionaize.com\/de\/wp-json\/wp\/v2\/media?parent=2264"}],"curies":[{"name":"wp","href":"https:\/\/api.w.org\/{rel}","templated":true}]}}